{"id":115,"date":"2025-11-05T07:38:09","date_gmt":"2025-11-05T07:38:09","guid":{"rendered":"https:\/\/mitsubishivinhphuc.com\/?page_id=115"},"modified":"2025-11-28T12:22:02","modified_gmt":"2025-11-28T12:22:02","slug":"trang-chu-3","status":"publish","type":"page","link":"https:\/\/mitsubishivinhphuc.com\/","title":{"rendered":"Trang ch\u1ee7"},"content":{"rendered":"\n<div class=\"row row-full-width\"  id=\"row-50930232\">\n\n\n\t<div id=\"col-1471522382\" class=\"col small-12 large-12\"  >\n\t\t\t\t<div class=\"col-inner\"  >\n\t\t\t\n\t\t\t\n\n\n\n<link rel=\"stylesheet\" href=\"styles.css\">\n<section id=\"home\" class=\"hero hero-video\">\n    <div class=\"video-wrapper\">\n      <video autoplay muted loop playsinline preload=\"auto\" poster=\"images\/banner-poster.jpg\" class=\"banner-video\">\n        <source src=\"http:\/\/mitsubishivinhphuc.com\/wp-content\/uploads\/2025\/11\/banner.mp4\" type=\"video\/mp4\">\n        Tr\u00ecnh duy\u1ec7t c\u1ee7a b\u1ea1n kh\u00f4ng h\u1ed7 tr\u1ee3 video.\n      <\/video>\n    <\/div>\n\n    <div class=\"hero-overlay\">\n      <div class=\"container hero-inner\">\n        <div class=\"hero-text\">\n          <h1>Mitsubishi &#8211; Phong c\u00e1ch &amp; B\u1ec1n b\u1ec9<\/h1>\n          <p>Kh\u00e1m ph\u00e1 c\u00e1c m\u1eabu xe m\u1edbi nh\u1ea5t, \u01b0u \u0111\u00e3i h\u1ea5p d\u1eabn v\u00e0 d\u1ecbch v\u1ee5 h\u1eadu m\u00e3i chuy\u00ean nghi\u1ec7p.<\/p>\n          <div class=\"hero-cta\">\n            <a href=\"?page_id=292\" class=\"btn btn-primary\">Xem xe<\/a>\n            <a href=\"?page_id=133\" class=\"btn btn-outline\">\u0110\u1eb7t l\u00e1i th\u1eed<\/a>\n          <\/div>\n        <\/div>\n      <\/div>\n    <\/div>\n  <\/section>\n\n  <section id=\"models\" class=\"section\">\n    <div class=\"container\">\n      <h2 class=\"section-title\">C\u00e1c m\u1eabu n\u1ed5i b\u1eadt<\/h2>\n      \n      <div class=\"grid models-grid\">\n        \n        <article class=\"card product-card\">\n            <a href=\"https:\/\/mitsubishivinhphuc.com\/?p=664\" class=\"overlay-link\"><\/a>\n          <img decoding=\"async\" src=\"http:\/\/mitsubishivinhphuc.com\/wp-content\/uploads\/2025\/11\/xpander.png\" alt=\"Xpander\">\n          <div class=\"card-body\">\n            <h3>Xpander<\/h3>\n            <p class=\"price\">Gi\u00e1 t\u1eeb: <strong>659.000.000\u20ab<\/strong><\/p>\n            <p class=\"promo\">\ud83c\udf81 H\u1ed7 tr\u1ee3 100% ph\u00ed tr\u01b0\u1edbc b\u1ea1 + Qu\u00e0 t\u1eb7ng<\/p>\n            <div class=\"card-buttons\">\n              <a href=\"?page_id=198\" class=\"btn btn-primary\">B\u00c1O GI\u00c1<\/a>\n              <a href=\"?page_id=133\" class=\"btn btn-secondary\">L\u00c1I TH\u1eec<\/a>\n            <\/div>\n          <\/div>\n        <\/article>\n\n        <article class=\"card product-card\">\n            <a href=\"https:\/\/mitsubishivinhphuc.com\/?p=621\" class=\"overlay-link\"><\/a>\n          <img decoding=\"async\" src=\"http:\/\/mitsubishivinhphuc.com\/wp-content\/uploads\/2025\/11\/RV-Xam-2.png\" alt=\"Xforce\">\n          <div class=\"card-body\">\n            <h3>Xforce<\/h3>\n            <p class=\"price\">Gi\u00e1 t\u1eeb: <strong>599.000.000\u20ab<\/strong><\/p>\n            <p class=\"promo\">\ud83c\udf81 H\u1ed7 tr\u1ee3 50% ph\u00ed tr\u01b0\u1edbc b\u1ea1 + Qu\u00e0 t\u1eb7ng<\/p>\n            <div class=\"card-buttons\">\n              <a href=\"?page_id=198\" class=\"btn btn-primary\">B\u00c1O GI\u00c1<\/a>\n              <a href=\"?page_id=133\" class=\"btn btn-secondary\">L\u00c1I TH\u1eec<\/a>\n            <\/div>\n          <\/div>\n        <\/article>\n\n        <article class=\"card product-card\">\n            <a href=\"https:\/\/mitsubishivinhphuc.com\/?p=779\" class=\"overlay-link\"><\/a>\n          <img decoding=\"async\" src=\"http:\/\/mitsubishivinhphuc.com\/wp-content\/uploads\/2025\/11\/attrage.png\" alt=\"Attrage\">\n          <div class=\"card-body\">\n            <h3>Attrage<\/h3>\n            <p class=\"price\">Gi\u00e1 t\u1eeb: <strong>380.000.000\u20ab<\/strong><\/p>\n            <p class=\"promo\">\ud83c\udf81 H\u1ed7 tr\u1ee3 100% ph\u00ed tr\u01b0\u1edbc b\u1ea1 + Qu\u00e0 t\u1eb7ng<\/p>\n            <div class=\"card-buttons\">\n              <a href=\"?page_id=198\" class=\"btn btn-primary\">B\u00c1O GI\u00c1<\/a>\n              <a href=\"?page_id=133\" class=\"btn btn-secondary\">L\u00c1I TH\u1eec<\/a>\n            <\/div>\n          <\/div>\n        <\/article>\n\n        <article class=\"card product-card\">\n            <a href=\"https:\/\/mitsubishivinhphuc.com\/?p=715\" class=\"overlay-link\"><\/a>\n          <img decoding=\"async\" src=\"http:\/\/mitsubishivinhphuc.com\/wp-content\/uploads\/2025\/11\/triton.png\" alt=\"Triton\">\n          <div class=\"card-body\">\n            <h3>Triton<\/h3>\n            <p class=\"price\">Gi\u00e1 t\u1eeb: <strong>655.000.000\u20ab<\/strong><\/p>\n            <p class=\"promo\">\ud83c\udf81 H\u1ed7 tr\u1ee3 100% ph\u00ed tr\u01b0\u1edbc b\u1ea1 + Qu\u00e0 t\u1eb7ng<\/p>\n            <div class=\"card-buttons\">\n              <a href=\"?page_id=198\" class=\"btn btn-primary\">B\u00c1O GI\u00c1<\/a>\n              <a href=\"?page_id=133\" class=\"btn btn-secondary\">L\u00c1I TH\u1eec<\/a>\n            <\/div>\n          <\/div>\n        <\/article>\n\n        <article class=\"card product-card\">\n            <a href=\"https:\/\/mitsubishivinhphuc.com\/?p=729\" class=\"overlay-link\"><\/a>\n          <img decoding=\"async\" src=\"http:\/\/mitsubishivinhphuc.com\/wp-content\/uploads\/2025\/11\/pajero.png\" alt=\"Pajero Sport\">\n          <div class=\"card-body\">\n            <h3>Pajero Sport<\/h3>\n            <p class=\"price\">Gi\u00e1 t\u1eeb: <strong>1.130.000.000\u20ab<\/strong><\/p>\n            <p class=\"promo\">\ud83c\udf81 Kh\u1ea3 n\u0103ng v\u01b0\u1ee3t \u0111\u1ecba h\u00ecnh, b\u1ec1n b\u1ec9 v\u00e0 m\u1ea1nh m\u1ebd.<\/p>\n            <div class=\"card-buttons\">\n              <a href=\"?page_id=198\" class=\"btn btn-primary\">B\u00c1O GI\u00c1<\/a>\n              <a href=\"?page_id=133\" class=\"btn btn-secondary\">L\u00c1I TH\u1eec<\/a>\n            <\/div>\n          <\/div>\n        <\/article>\n\n        <article class=\"card product-card\">\n            <a href=\"https:\/\/mitsubishivinhphuc.com\/?p=705\" class=\"overlay-link\"><\/a>\n          <img decoding=\"async\" src=\"https:\/\/www.mitsubishi-motors.com.vn\/w\/wp-content\/uploads\/2025\/09\/26MY_XS_VNM_P2X_side_C31-4-3-e1758503577490.png\" alt=\"Outlander\"> \n          <div class=\"card-body\">\n            <h3>Xpander Cross<\/h3>\n            <p class=\"price\">Gi\u00e1 t\u1eeb: <strong>699.000.000\u0111<\/strong><\/p>\n            <p class=\"promo\">\ud83c\udf81 Thi\u1ebft k\u1ebf sang tr\u1ecdng, ti\u1ec7n nghi, an to\u00e0n.<\/p>\n            <div class=\"card-buttons\">\n              <a href=\"?page_id=198\" class=\"btn btn-primary\">B\u00c1O GI\u00c1<\/a>\n              <a href=\"?page_id=133\" class=\"btn btn-secondary\">L\u00c1I TH\u1eec<\/a>\n            <\/div>\n          <\/div>\n        <\/article>\n\n        <article class=\"card product-card\">\n            <a href=\"https:\/\/mitsubishivinhphuc.com\/?p=781\" class=\"overlay-link\"><\/a>\n          <img decoding=\"async\" src=\"https:\/\/www.mitsubishi-motors.com.vn\/w\/wp-content\/uploads\/2025\/10\/26MY_DST_VNM_P2_MC18_side_X3N-1-e1760695557421.png\" alt=\"Outlander\"> \n          <div class=\"card-body\">\n            <h3>Destinator<\/h3>\n            <p class=\"price\">Gi\u00e1 t\u1eeb: <strong>S\u1eafp ra m\u1eaft<\/strong><\/p>\n            <p class=\"promo\">\ud83c\udf81 Thi\u1ebft k\u1ebf sang tr\u1ecdng, ti\u1ec7n nghi, an to\u00e0n.<\/p>\n            <div class=\"card-buttons\">\n              <a href=\"?page_id=198\" class=\"btn btn-primary\">B\u00c1O GI\u00c1<\/a>\n              <a href=\"?page_id=133\" class=\"btn btn-secondary\">L\u00c1I TH\u1eec<\/a>\n            <\/div>\n          <\/div>\n        <\/article>\n\n      <\/div>\n      <\/div>\n  <\/section>\n<section id=\"experience\" class=\"experience-section\">\n<!-- \u1ea2nh n\u1ec1n -->\n  <div class=\"experience-bg\">\n    <img decoding=\"async\"\n      src=\"http:\/\/mitsubishivinhphuc.com\/wp-content\/uploads\/2025\/11\/Mitsubishi-PAJERO-SPORT-CAMPAIGN-2021.jpg\"\n      alt=\"\u0110\u0103ng k\u00fd l\u00e1i th\u1eed Mitsubishi\"\n    \/>\n  <\/div>\n\n  <!-- L\u1edbp ph\u1ee7 v\u00e0 n\u1ed9i dung -->\n  <div class=\"experience-overlay\">\n    <div class=\"experience-content\" id=\"exp-content\">\n      <h2>\u0110\u0102NG K\u00dd TR\u1ea2I NGHI\u1ec6M C\u00c1C D\u00d2NG XE MITSUBISHI<\/h2>\n      <p>\n        Tr\u1ea3i nghi\u1ec7m c\u1ea3m gi\u00e1c l\u00e1i v\u00e0 kh\u00e1m ph\u00e1 c\u00f4ng ngh\u1ec7 m\u1edbi nh\u1ea5t t\u1eeb Mitsubishi. <br \/>\n        H\u00e3y \u0111\u1ec3 ch\u00fang t\u00f4i h\u1ed7 tr\u1ee3 b\u1ea1n ch\u1ecdn chi\u1ebfc xe ph\u00f9 h\u1ee3p nh\u1ea5t!\n      <\/p>\n      <div class=\"buttons\">\n        <a href=\"tel:0942204898\" class=\"btn btn-hotline\">\ud83d\udcde HOTLINE: 0942204898<\/a>\n        <a href=\"?page_id=133\" class=\"btn btn-register\">\ud83d\ude97 \u0110\u0102NG K\u00dd L\u00c1I TH\u1eec<\/a>\n      <\/div>\n    <\/div>\n  <\/div>\n<\/section>\n<section id=\"offers\" class=\"section alt\">\n    <div class=\"container\">\n      <h2 class=\"section-title\">\u01afu \u0111\u00e3i &amp; Khuy\u1ebfn m\u00e3i<\/h2>\n      <div class=\"offers\">\n        <div class=\"offer\">\n          <h4>Mua xe tr\u1ea3 g\u00f3p 0%<\/h4>\n          <p>H\u1ed7 tr\u1ee3 vay \u0111\u1ebfn 80% gi\u00e1 tr\u1ecb xe, th\u1ee7 t\u1ee5c nhanh ch\u00f3ng.<\/p>\n        <\/div>\n        <div class=\"offer\">\n          <h4>T\u1eb7ng g\u00f3i b\u1ea3o hi\u1ec3m<\/h4>\n          <p>T\u1eb7ng b\u1ea3o hi\u1ec3m v\u1eadt ch\u1ea5t 1 n\u0103m cho 50 kh\u00e1ch h\u00e0ng \u0111\u1ea7u ti\u00ean.<\/p>\n        <\/div>\n        <div class=\"offer\">\n          <h4>\u01afu \u0111\u00e3i cho doanh nghi\u1ec7p<\/h4>\n          <p>Ch\u01b0\u01a1ng tr\u00ecnh ri\u00eang cho doanh nghi\u1ec7p: gi\u00e1 t\u1ed1t + h\u1eadu m\u00e3i.<\/p>\n        <\/div>\n      <\/div>\n    <\/div>\n  <\/section>\n\n  <section id=\"service\" class=\"section\">\n    <div class=\"container\">\n      <h2 class=\"section-title\">D\u1ecbch v\u1ee5 &#038; H\u1eadu m\u00e3i<\/h2>\n      <div class=\"grid service-grid\">\n        <div class=\"service-card\">\n          <h4>B\u1ea3o d\u01b0\u1ee1ng<\/h4>\n          <p>B\u1ea3o d\u01b0\u1ee1ng \u0111\u1ecbnh k\u1ef3, ph\u1ee5 t\u00f9ng ch\u00ednh h\u00e3ng.<\/p>\n        <\/div>\n        <div class=\"service-card\">\n          <h4>S\u1eeda ch\u1eefa nhanh<\/h4>\n          <p>\u0110\u1ed9i ng\u0169 k\u1ef9 thu\u1eadt chuy\u00ean nghi\u1ec7p, ch\u1ea9n \u0111o\u00e1n nhanh.<\/p>\n        <\/div>\n        <div class=\"service-card\">\n          <h4>\u0110\u1eb7t l\u1ecbch l\u00e1i th\u1eed<\/h4>\n          <p>\u0110\u1eb7t l\u1ecbch tr\u1ef1c tuy\u1ebfn ho\u1eb7c g\u1ecdi hotline \u0111\u1ec3 l\u00e1i th\u1eed.<\/p>\n        <\/div>\n      <\/div>\n    <\/div>\n  <\/section>\n\n\n\t\t<\/div>\n\t\t\t\t\t<\/div>\n\n\t\n\n\n<style>\n#row-50930232 > .col > .col-inner {\n  padding: 0px 0px 0px 0px;\n}\n<\/style>\n<\/div>\n\n","protected":false},"excerpt":{"rendered":"","protected":false},"author":1,"featured_media":0,"parent":0,"menu_order":0,"comment_status":"closed","ping_status":"closed","template":"","meta":{"footnotes":""},"class_list":["post-115","page","type-page","status-publish","hentry"],"yoast_head":"<!-- This site is optimized with the Yoast SEO plugin v26.3 - https:\/\/yoast.com\/wordpress\/plugins\/seo\/ -->\n<title>Trang ch\u1ee7 - Mitsubishi V\u0129nh Ph\u00fac<\/title>\n<meta name=\"robots\" content=\"index, follow, max-snippet:-1, max-image-preview:large, max-video-preview:-1\" \/>\n<link rel=\"canonical\" href=\"https:\/\/mitsubishivinhphuc.com\/\" \/>\n<meta property=\"og:locale\" content=\"vi_VN\" \/>\n<meta property=\"og:type\" content=\"article\" \/>\n<meta property=\"og:title\" content=\"Trang ch\u1ee7 - Mitsubishi V\u0129nh Ph\u00fac\" \/>\n<meta property=\"og:url\" content=\"https:\/\/mitsubishivinhphuc.com\/\" \/>\n<meta property=\"og:site_name\" content=\"Mitsubishi V\u0129nh Ph\u00fac\" \/>\n<meta property=\"article:modified_time\" content=\"2025-11-28T12:22:02+00:00\" \/>\n<meta property=\"og:image\" content=\"http:\/\/mitsubishivinhphuc.com\/wp-content\/uploads\/2025\/11\/xpander.png\" \/>\n<meta name=\"twitter:card\" content=\"summary_large_image\" \/>\n<meta name=\"twitter:label1\" content=\"\u01af\u1edbc t\u00ednh th\u1eddi gian \u0111\u1ecdc\" \/>\n\t<meta name=\"twitter:data1\" content=\"4 ph\u00fat\" \/>\n<script type=\"application\/ld+json\" class=\"yoast-schema-graph\">{\"@context\":\"https:\/\/schema.org\",\"@graph\":[{\"@type\":\"WebPage\",\"@id\":\"https:\/\/mitsubishivinhphuc.com\/\",\"url\":\"https:\/\/mitsubishivinhphuc.com\/\",\"name\":\"Trang ch\u1ee7 - Mitsubishi V\u0129nh Ph\u00fac\",\"isPartOf\":{\"@id\":\"https:\/\/mitsubishivinhphuc.com\/#website\"},\"primaryImageOfPage\":{\"@id\":\"https:\/\/mitsubishivinhphuc.com\/#primaryimage\"},\"image\":{\"@id\":\"https:\/\/mitsubishivinhphuc.com\/#primaryimage\"},\"thumbnailUrl\":\"http:\/\/mitsubishivinhphuc.com\/wp-content\/uploads\/2025\/11\/xpander.png\",\"datePublished\":\"2025-11-05T07:38:09+00:00\",\"dateModified\":\"2025-11-28T12:22:02+00:00\",\"breadcrumb\":{\"@id\":\"https:\/\/mitsubishivinhphuc.com\/#breadcrumb\"},\"inLanguage\":\"vi\",\"potentialAction\":[{\"@type\":\"ReadAction\",\"target\":[\"https:\/\/mitsubishivinhphuc.com\/\"]}]},{\"@type\":\"ImageObject\",\"inLanguage\":\"vi\",\"@id\":\"https:\/\/mitsubishivinhphuc.com\/#primaryimage\",\"url\":\"http:\/\/mitsubishivinhphuc.com\/wp-content\/uploads\/2025\/11\/xpander.png\",\"contentUrl\":\"http:\/\/mitsubishivinhphuc.com\/wp-content\/uploads\/2025\/11\/xpander.png\"},{\"@type\":\"BreadcrumbList\",\"@id\":\"https:\/\/mitsubishivinhphuc.com\/#breadcrumb\",\"itemListElement\":[{\"@type\":\"ListItem\",\"position\":1,\"name\":\"Trang ch\u1ee7\",\"item\":\"https:\/\/mitsubishivinhphuc.com\/\"},{\"@type\":\"ListItem\",\"position\":2,\"name\":\"Trang ch\u1ee7\"}]},{\"@type\":\"WebSite\",\"@id\":\"https:\/\/mitsubishivinhphuc.com\/#website\",\"url\":\"https:\/\/mitsubishivinhphuc.com\/\",\"name\":\"Mitsubishi V\u0129nh Ph\u00fac\",\"description\":\"\",\"potentialAction\":[{\"@type\":\"SearchAction\",\"target\":{\"@type\":\"EntryPoint\",\"urlTemplate\":\"https:\/\/mitsubishivinhphuc.com\/?s={search_term_string}\"},\"query-input\":{\"@type\":\"PropertyValueSpecification\",\"valueRequired\":true,\"valueName\":\"search_term_string\"}}],\"inLanguage\":\"vi\"}]}<\/script>\n<!-- \/ Yoast SEO plugin. -->","yoast_head_json":{"title":"Trang ch\u1ee7 - Mitsubishi V\u0129nh Ph\u00fac","robots":{"index":"index","follow":"follow","max-snippet":"max-snippet:-1","max-image-preview":"max-image-preview:large","max-video-preview":"max-video-preview:-1"},"canonical":"https:\/\/mitsubishivinhphuc.com\/","og_locale":"vi_VN","og_type":"article","og_title":"Trang ch\u1ee7 - Mitsubishi V\u0129nh Ph\u00fac","og_url":"https:\/\/mitsubishivinhphuc.com\/","og_site_name":"Mitsubishi V\u0129nh Ph\u00fac","article_modified_time":"2025-11-28T12:22:02+00:00","og_image":[{"url":"http:\/\/mitsubishivinhphuc.com\/wp-content\/uploads\/2025\/11\/xpander.png","type":"","width":"","height":""}],"twitter_card":"summary_large_image","twitter_misc":{"\u01af\u1edbc t\u00ednh th\u1eddi gian \u0111\u1ecdc":"4 ph\u00fat"},"schema":{"@context":"https:\/\/schema.org","@graph":[{"@type":"WebPage","@id":"https:\/\/mitsubishivinhphuc.com\/","url":"https:\/\/mitsubishivinhphuc.com\/","name":"Trang ch\u1ee7 - Mitsubishi V\u0129nh Ph\u00fac","isPartOf":{"@id":"https:\/\/mitsubishivinhphuc.com\/#website"},"primaryImageOfPage":{"@id":"https:\/\/mitsubishivinhphuc.com\/#primaryimage"},"image":{"@id":"https:\/\/mitsubishivinhphuc.com\/#primaryimage"},"thumbnailUrl":"http:\/\/mitsubishivinhphuc.com\/wp-content\/uploads\/2025\/11\/xpander.png","datePublished":"2025-11-05T07:38:09+00:00","dateModified":"2025-11-28T12:22:02+00:00","breadcrumb":{"@id":"https:\/\/mitsubishivinhphuc.com\/#breadcrumb"},"inLanguage":"vi","potentialAction":[{"@type":"ReadAction","target":["https:\/\/mitsubishivinhphuc.com\/"]}]},{"@type":"ImageObject","inLanguage":"vi","@id":"https:\/\/mitsubishivinhphuc.com\/#primaryimage","url":"http:\/\/mitsubishivinhphuc.com\/wp-content\/uploads\/2025\/11\/xpander.png","contentUrl":"http:\/\/mitsubishivinhphuc.com\/wp-content\/uploads\/2025\/11\/xpander.png"},{"@type":"BreadcrumbList","@id":"https:\/\/mitsubishivinhphuc.com\/#breadcrumb","itemListElement":[{"@type":"ListItem","position":1,"name":"Trang ch\u1ee7","item":"https:\/\/mitsubishivinhphuc.com\/"},{"@type":"ListItem","position":2,"name":"Trang ch\u1ee7"}]},{"@type":"WebSite","@id":"https:\/\/mitsubishivinhphuc.com\/#website","url":"https:\/\/mitsubishivinhphuc.com\/","name":"Mitsubishi V\u0129nh Ph\u00fac","description":"","potentialAction":[{"@type":"SearchAction","target":{"@type":"EntryPoint","urlTemplate":"https:\/\/mitsubishivinhphuc.com\/?s={search_term_string}"},"query-input":{"@type":"PropertyValueSpecification","valueRequired":true,"valueName":"search_term_string"}}],"inLanguage":"vi"}]}},"_links":{"self":[{"href":"https:\/\/mitsubishivinhphuc.com\/index.php?rest_route=\/wp\/v2\/pages\/115","targetHints":{"allow":["GET"]}}],"collection":[{"href":"https:\/\/mitsubishivinhphuc.com\/index.php?rest_route=\/wp\/v2\/pages"}],"about":[{"href":"https:\/\/mitsubishivinhphuc.com\/index.php?rest_route=\/wp\/v2\/types\/page"}],"author":[{"embeddable":true,"href":"https:\/\/mitsubishivinhphuc.com\/index.php?rest_route=\/wp\/v2\/users\/1"}],"replies":[{"embeddable":true,"href":"https:\/\/mitsubishivinhphuc.com\/index.php?rest_route=%2Fwp%2Fv2%2Fcomments&post=115"}],"version-history":[{"count":23,"href":"https:\/\/mitsubishivinhphuc.com\/index.php?rest_route=\/wp\/v2\/pages\/115\/revisions"}],"predecessor-version":[{"id":801,"href":"https:\/\/mitsubishivinhphuc.com\/index.php?rest_route=\/wp\/v2\/pages\/115\/revisions\/801"}],"wp:attachment":[{"href":"https:\/\/mitsubishivinhphuc.com\/index.php?rest_route=%2Fwp%2Fv2%2Fmedia&parent=115"}],"curies":[{"name":"wp","href":"https:\/\/api.w.org\/{rel}","templated":true}]}}