{"id":297,"date":"2025-11-06T11:05:28","date_gmt":"2025-11-06T11:05:28","guid":{"rendered":"https:\/\/mitsubishivinhphuc.com\/?post_type=product&#038;p=297"},"modified":"2025-11-23T15:04:42","modified_gmt":"2025-11-23T15:04:42","slug":"xpander","status":"publish","type":"product","link":"https:\/\/mitsubishivinhphuc.com\/?product=xpander","title":{"rendered":"Xpander Cross"},"content":{"rendered":"","protected":false},"excerpt":{"rendered":"<h2 class=\"title\">New Xpander Cross<\/h2>\n<div>\n<p>6 tu\u0301i khi\u0301 an toa\u0300n, v\u00f4 l\u0103ng 3 ch\u00e2\u0301u, ma\u0300n hi\u0300nh ky\u0303 thu\u00e2\u0323t s\u00f4\u0301 8-inch<\/p>\n<\/div>\n<h5 class=\"title title--5\">Trang thi\u1ebft b\u1ecb<\/h5>\n<ul>\n<li>6 tu\u0301i khi\u0301 an toa\u0300n, v\u00f4 l\u0103ng 3 ch\u00e2\u0301u, ma\u0300n hi\u0300nh ky\u0303 thu\u00e2\u0323t s\u00f4\u0301 8-inch<\/li>\n<li>Thi\u00ea\u0301t k\u00ea\u0301 l\u01b0\u01a1\u0301i ta\u0309n nhi\u00ea\u0323t hoa\u0300n toa\u0300n m\u01a1\u0301i \u200b<\/li>\n<li>\u0110\u1ed9ng c\u01a1 MIVEC 1.5L, \u0111\u1ea1t chu\u1ea9n Euro 5<\/li>\n<li>T\u01b0\u01a1ng th\u00edch nhi\u00ean li\u1ec7u sinh h\u1ecdc E10\u200b<\/li>\n<li>H\u1ed9p s\u1ed1 t\u1ef1 \u0111\u1ed9ng 4 c\u1ea5p\u200b<\/li>\n<li>M\u00e2m xe h\u01a1\u0323p kim 17-inch thi\u00ea\u0301t k\u00ea\u0301 m\u01a1\u0301i<\/li>\n<li>N\u1ed9i th\u1ea5t 2 t\u00f4ng ma\u0300u sang tro\u0323ng<\/li>\n<li>Ma\u0300n hi\u0300nh gia\u0309i tri\u0301 ca\u0309m \u01b0\u0301ng 10-inch k\u00ea\u0301t n\u00f4\u0301i Android Auto, Apple CarPlay\u200b<\/li>\n<li>H\u00ea\u0323 th\u00f4\u0301ng ki\u00ea\u0309m soa\u0301t va\u0300o cua chu\u0309 \u0111\u00f4\u0323ng (Active Yaw Control)\u200b<\/li>\n<\/ul>\n","protected":false},"featured_media":328,"comment_status":"open","ping_status":"closed","template":"","meta":[],"product_brand":[],"product_cat":[35,55],"product_tag":[],"class_list":{"0":"post-297","1":"product","2":"type-product","3":"status-publish","4":"has-post-thumbnail","6":"product_cat-xpander-cross","7":"product_cat-xpander-cross-xpander-cross","9":"first","10":"instock","11":"shipping-taxable","12":"product-type-variable"},"yoast_head":"<!-- This site is optimized with the Yoast SEO plugin v26.3 - https:\/\/yoast.com\/wordpress\/plugins\/seo\/ -->\n<title>Xpander Cross - Mitsubishi V\u0129nh Ph\u00fac<\/title>\n<meta name=\"robots\" content=\"index, follow, max-snippet:-1, max-image-preview:large, max-video-preview:-1\" \/>\n<link rel=\"canonical\" href=\"https:\/\/mitsubishivinhphuc.com\/?product=xpander\" \/>\n<meta property=\"og:locale\" content=\"vi_VN\" \/>\n<meta property=\"og:type\" content=\"article\" \/>\n<meta property=\"og:title\" content=\"Xpander Cross - Mitsubishi V\u0129nh Ph\u00fac\" \/>\n<meta property=\"og:description\" content=\"New Xpander Cross   6 tu\u0301i khi\u0301 an toa\u0300n, v\u00f4 l\u0103ng 3 ch\u00e2\u0301u, ma\u0300n hi\u0300nh ky\u0303 thu\u00e2\u0323t s\u00f4\u0301 8-inch   Trang thi\u1ebft b\u1ecb   6 tu\u0301i khi\u0301 an toa\u0300n, v\u00f4 l\u0103ng 3 ch\u00e2\u0301u, ma\u0300n hi\u0300nh ky\u0303 thu\u00e2\u0323t s\u00f4\u0301 8-inch  Thi\u00ea\u0301t k\u00ea\u0301 l\u01b0\u01a1\u0301i ta\u0309n nhi\u00ea\u0323t hoa\u0300n toa\u0300n m\u01a1\u0301i \u200b  \u0110\u1ed9ng c\u01a1 MIVEC 1.5L, \u0111\u1ea1t chu\u1ea9n Euro 5  T\u01b0\u01a1ng th\u00edch nhi\u00ean li\u1ec7u sinh h\u1ecdc E10\u200b  H\u1ed9p s\u1ed1 t\u1ef1 \u0111\u1ed9ng 4 c\u1ea5p\u200b  M\u00e2m xe h\u01a1\u0323p kim 17-inch thi\u00ea\u0301t k\u00ea\u0301 m\u01a1\u0301i  N\u1ed9i th\u1ea5t 2 t\u00f4ng ma\u0300u sang tro\u0323ng  Ma\u0300n hi\u0300nh gia\u0309i tri\u0301 ca\u0309m \u01b0\u0301ng 10-inch k\u00ea\u0301t n\u00f4\u0301i Android Auto, Apple CarPlay\u200b  H\u00ea\u0323 th\u00f4\u0301ng ki\u00ea\u0309m soa\u0301t va\u0300o cua chu\u0309 \u0111\u00f4\u0323ng (Active Yaw Control)\u200b\" \/>\n<meta property=\"og:url\" content=\"https:\/\/mitsubishivinhphuc.com\/?product=xpander\" \/>\n<meta property=\"og:site_name\" content=\"Mitsubishi V\u0129nh Ph\u00fac\" \/>\n<meta property=\"article:modified_time\" content=\"2025-11-23T15:04:42+00:00\" \/>\n<meta property=\"og:image\" content=\"http:\/\/mitsubishivinhphuc.com\/wp-content\/uploads\/2025\/11\/z4420873455973_904bb95252b367c69c11b6e66095b18d.jpg\" \/>\n\t<meta property=\"og:image:width\" content=\"2560\" \/>\n\t<meta property=\"og:image:height\" content=\"1920\" \/>\n\t<meta property=\"og:image:type\" content=\"image\/jpeg\" \/>\n<meta name=\"twitter:card\" content=\"summary_large_image\" \/>\n<meta name=\"twitter:label1\" content=\"\u01af\u1edbc t\u00ednh th\u1eddi gian \u0111\u1ecdc\" \/>\n\t<meta name=\"twitter:data1\" content=\"1 ph\u00fat\" \/>\n<script type=\"application\/ld+json\" class=\"yoast-schema-graph\">{\"@context\":\"https:\/\/schema.org\",\"@graph\":[{\"@type\":\"WebPage\",\"@id\":\"https:\/\/mitsubishivinhphuc.com\/?product=xpander\",\"url\":\"https:\/\/mitsubishivinhphuc.com\/?product=xpander\",\"name\":\"Xpander Cross - Mitsubishi V\u0129nh Ph\u00fac\",\"isPartOf\":{\"@id\":\"https:\/\/mitsubishivinhphuc.com\/#website\"},\"primaryImageOfPage\":{\"@id\":\"https:\/\/mitsubishivinhphuc.com\/?product=xpander#primaryimage\"},\"image\":{\"@id\":\"https:\/\/mitsubishivinhphuc.com\/?product=xpander#primaryimage\"},\"thumbnailUrl\":\"https:\/\/mitsubishivinhphuc.com\/wp-content\/uploads\/2025\/11\/z4420873455973_904bb95252b367c69c11b6e66095b18d.jpg\",\"datePublished\":\"2025-11-06T11:05:28+00:00\",\"dateModified\":\"2025-11-23T15:04:42+00:00\",\"breadcrumb\":{\"@id\":\"https:\/\/mitsubishivinhphuc.com\/?product=xpander#breadcrumb\"},\"inLanguage\":\"vi\",\"potentialAction\":[{\"@type\":\"ReadAction\",\"target\":[\"https:\/\/mitsubishivinhphuc.com\/?product=xpander\"]}]},{\"@type\":\"ImageObject\",\"inLanguage\":\"vi\",\"@id\":\"https:\/\/mitsubishivinhphuc.com\/?product=xpander#primaryimage\",\"url\":\"https:\/\/mitsubishivinhphuc.com\/wp-content\/uploads\/2025\/11\/z4420873455973_904bb95252b367c69c11b6e66095b18d.jpg\",\"contentUrl\":\"https:\/\/mitsubishivinhphuc.com\/wp-content\/uploads\/2025\/11\/z4420873455973_904bb95252b367c69c11b6e66095b18d.jpg\",\"width\":2560,\"height\":1920},{\"@type\":\"BreadcrumbList\",\"@id\":\"https:\/\/mitsubishivinhphuc.com\/?product=xpander#breadcrumb\",\"itemListElement\":[{\"@type\":\"ListItem\",\"position\":1,\"name\":\"Trang ch\u1ee7\",\"item\":\"https:\/\/mitsubishivinhphuc.com\/\"},{\"@type\":\"ListItem\",\"position\":2,\"name\":\"S\u1ea3n ph\u1ea9m\",\"item\":\"https:\/\/mitsubishivinhphuc.com\/?post_type=product\"},{\"@type\":\"ListItem\",\"position\":3,\"name\":\"Xpander Cross\"}]},{\"@type\":\"WebSite\",\"@id\":\"https:\/\/mitsubishivinhphuc.com\/#website\",\"url\":\"https:\/\/mitsubishivinhphuc.com\/\",\"name\":\"Mitsubishi V\u0129nh Ph\u00fac\",\"description\":\"\",\"potentialAction\":[{\"@type\":\"SearchAction\",\"target\":{\"@type\":\"EntryPoint\",\"urlTemplate\":\"https:\/\/mitsubishivinhphuc.com\/?s={search_term_string}\"},\"query-input\":{\"@type\":\"PropertyValueSpecification\",\"valueRequired\":true,\"valueName\":\"search_term_string\"}}],\"inLanguage\":\"vi\"}]}<\/script>\n<!-- \/ Yoast SEO plugin. -->","yoast_head_json":{"title":"Xpander Cross - Mitsubishi V\u0129nh Ph\u00fac","robots":{"index":"index","follow":"follow","max-snippet":"max-snippet:-1","max-image-preview":"max-image-preview:large","max-video-preview":"max-video-preview:-1"},"canonical":"https:\/\/mitsubishivinhphuc.com\/?product=xpander","og_locale":"vi_VN","og_type":"article","og_title":"Xpander Cross - Mitsubishi V\u0129nh Ph\u00fac","og_description":"New Xpander Cross   6 tu\u0301i khi\u0301 an toa\u0300n, v\u00f4 l\u0103ng 3 ch\u00e2\u0301u, ma\u0300n hi\u0300nh ky\u0303 thu\u00e2\u0323t s\u00f4\u0301 8-inch   Trang thi\u1ebft b\u1ecb   6 tu\u0301i khi\u0301 an toa\u0300n, v\u00f4 l\u0103ng 3 ch\u00e2\u0301u, ma\u0300n hi\u0300nh ky\u0303 thu\u00e2\u0323t s\u00f4\u0301 8-inch  Thi\u00ea\u0301t k\u00ea\u0301 l\u01b0\u01a1\u0301i ta\u0309n nhi\u00ea\u0323t hoa\u0300n toa\u0300n m\u01a1\u0301i \u200b  \u0110\u1ed9ng c\u01a1 MIVEC 1.5L, \u0111\u1ea1t chu\u1ea9n Euro 5  T\u01b0\u01a1ng th\u00edch nhi\u00ean li\u1ec7u sinh h\u1ecdc E10\u200b  H\u1ed9p s\u1ed1 t\u1ef1 \u0111\u1ed9ng 4 c\u1ea5p\u200b  M\u00e2m xe h\u01a1\u0323p kim 17-inch thi\u00ea\u0301t k\u00ea\u0301 m\u01a1\u0301i  N\u1ed9i th\u1ea5t 2 t\u00f4ng ma\u0300u sang tro\u0323ng  Ma\u0300n hi\u0300nh gia\u0309i tri\u0301 ca\u0309m \u01b0\u0301ng 10-inch k\u00ea\u0301t n\u00f4\u0301i Android Auto, Apple CarPlay\u200b  H\u00ea\u0323 th\u00f4\u0301ng ki\u00ea\u0309m soa\u0301t va\u0300o cua chu\u0309 \u0111\u00f4\u0323ng (Active Yaw Control)\u200b","og_url":"https:\/\/mitsubishivinhphuc.com\/?product=xpander","og_site_name":"Mitsubishi V\u0129nh Ph\u00fac","article_modified_time":"2025-11-23T15:04:42+00:00","og_image":[{"width":2560,"height":1920,"url":"http:\/\/mitsubishivinhphuc.com\/wp-content\/uploads\/2025\/11\/z4420873455973_904bb95252b367c69c11b6e66095b18d.jpg","type":"image\/jpeg"}],"twitter_card":"summary_large_image","twitter_misc":{"\u01af\u1edbc t\u00ednh th\u1eddi gian \u0111\u1ecdc":"1 ph\u00fat"},"schema":{"@context":"https:\/\/schema.org","@graph":[{"@type":"WebPage","@id":"https:\/\/mitsubishivinhphuc.com\/?product=xpander","url":"https:\/\/mitsubishivinhphuc.com\/?product=xpander","name":"Xpander Cross - Mitsubishi V\u0129nh Ph\u00fac","isPartOf":{"@id":"https:\/\/mitsubishivinhphuc.com\/#website"},"primaryImageOfPage":{"@id":"https:\/\/mitsubishivinhphuc.com\/?product=xpander#primaryimage"},"image":{"@id":"https:\/\/mitsubishivinhphuc.com\/?product=xpander#primaryimage"},"thumbnailUrl":"https:\/\/mitsubishivinhphuc.com\/wp-content\/uploads\/2025\/11\/z4420873455973_904bb95252b367c69c11b6e66095b18d.jpg","datePublished":"2025-11-06T11:05:28+00:00","dateModified":"2025-11-23T15:04:42+00:00","breadcrumb":{"@id":"https:\/\/mitsubishivinhphuc.com\/?product=xpander#breadcrumb"},"inLanguage":"vi","potentialAction":[{"@type":"ReadAction","target":["https:\/\/mitsubishivinhphuc.com\/?product=xpander"]}]},{"@type":"ImageObject","inLanguage":"vi","@id":"https:\/\/mitsubishivinhphuc.com\/?product=xpander#primaryimage","url":"https:\/\/mitsubishivinhphuc.com\/wp-content\/uploads\/2025\/11\/z4420873455973_904bb95252b367c69c11b6e66095b18d.jpg","contentUrl":"https:\/\/mitsubishivinhphuc.com\/wp-content\/uploads\/2025\/11\/z4420873455973_904bb95252b367c69c11b6e66095b18d.jpg","width":2560,"height":1920},{"@type":"BreadcrumbList","@id":"https:\/\/mitsubishivinhphuc.com\/?product=xpander#breadcrumb","itemListElement":[{"@type":"ListItem","position":1,"name":"Trang ch\u1ee7","item":"https:\/\/mitsubishivinhphuc.com\/"},{"@type":"ListItem","position":2,"name":"S\u1ea3n ph\u1ea9m","item":"https:\/\/mitsubishivinhphuc.com\/?post_type=product"},{"@type":"ListItem","position":3,"name":"Xpander Cross"}]},{"@type":"WebSite","@id":"https:\/\/mitsubishivinhphuc.com\/#website","url":"https:\/\/mitsubishivinhphuc.com\/","name":"Mitsubishi V\u0129nh Ph\u00fac","description":"","potentialAction":[{"@type":"SearchAction","target":{"@type":"EntryPoint","urlTemplate":"https:\/\/mitsubishivinhphuc.com\/?s={search_term_string}"},"query-input":{"@type":"PropertyValueSpecification","valueRequired":true,"valueName":"search_term_string"}}],"inLanguage":"vi"}]}},"_links":{"self":[{"href":"https:\/\/mitsubishivinhphuc.com\/index.php?rest_route=\/wp\/v2\/product\/297","targetHints":{"allow":["GET"]}}],"collection":[{"href":"https:\/\/mitsubishivinhphuc.com\/index.php?rest_route=\/wp\/v2\/product"}],"about":[{"href":"https:\/\/mitsubishivinhphuc.com\/index.php?rest_route=\/wp\/v2\/types\/product"}],"replies":[{"embeddable":true,"href":"https:\/\/mitsubishivinhphuc.com\/index.php?rest_route=%2Fwp%2Fv2%2Fcomments&post=297"}],"wp:featuredmedia":[{"embeddable":true,"href":"https:\/\/mitsubishivinhphuc.com\/index.php?rest_route=\/wp\/v2\/media\/328"}],"wp:attachment":[{"href":"https:\/\/mitsubishivinhphuc.com\/index.php?rest_route=%2Fwp%2Fv2%2Fmedia&parent=297"}],"wp:term":[{"taxonomy":"product_brand","embeddable":true,"href":"https:\/\/mitsubishivinhphuc.com\/index.php?rest_route=%2Fwp%2Fv2%2Fproduct_brand&post=297"},{"taxonomy":"product_cat","embeddable":true,"href":"https:\/\/mitsubishivinhphuc.com\/index.php?rest_route=%2Fwp%2Fv2%2Fproduct_cat&post=297"},{"taxonomy":"product_tag","embeddable":true,"href":"https:\/\/mitsubishivinhphuc.com\/index.php?rest_route=%2Fwp%2Fv2%2Fproduct_tag&post=297"}],"curies":[{"name":"wp","href":"https:\/\/api.w.org\/{rel}","templated":true}]}}